{"id":1030,"date":"2024-06-18T13:07:08","date_gmt":"2024-06-18T11:07:08","guid":{"rendered":"https:\/\/medicalhairtransplants.at\/?page_id=1030"},"modified":"2024-06-21T17:06:58","modified_gmt":"2024-06-21T15:06:58","slug":"impressum","status":"publish","type":"page","link":"https:\/\/medicalhairtransplants.at\/en\/impressum\/","title":{"rendered":"Impressum"},"content":{"rendered":"<div data-elementor-type=\"wp-page\" data-elementor-id=\"1030\" class=\"elementor elementor-1030\" data-elementor-post-type=\"page\">\n\t\t\t\t<div class=\"elementor-element elementor-element-da06625 e-flex e-con-boxed e-con e-parent\" data-id=\"da06625\" data-element_type=\"container\">\n\t\t\t\t\t<div class=\"e-con-inner\">\n\t\t\t\t<div class=\"elementor-element elementor-element-73c1daa elementor-widget elementor-widget-spacer\" data-id=\"73c1daa\" data-element_type=\"widget\" data-widget_type=\"spacer.default\">\n\t\t\t\t<div class=\"elementor-widget-container\">\n\t\t\t\t\t<div class=\"elementor-spacer\">\n\t\t\t<div class=\"elementor-spacer-inner\"><\/div>\n\t\t<\/div>\n\t\t\t\t<\/div>\n\t\t\t\t<\/div>\n\t\t\t\t<div class=\"elementor-element elementor-element-940ef17 elementor-widget elementor-widget-text-editor\" data-id=\"940ef17\" data-element_type=\"widget\" data-widget_type=\"text-editor.default\">\n\t\t\t\t<div class=\"elementor-widget-container\">\n\t\t\t\t\t\t\t<h1 class=\"adsimple-221094634\">Impressum<\/h1><p class=\"adsimple-221094634\">Informationspflicht laut \u00a75 E-Commerce Gesetz, \u00a714 Unternehmensgesetzbuch, \u00a763 Gewerbeordnung und Offenlegungspflicht laut \u00a725 Mediengesetz.<\/p><p class=\"adsimple-221094634\">MK Barber &amp; Friseursalon<br \/>Mehmet Kamasik<br \/>Kirchenplatz 1A,<br \/>7132 Frauenkirchen,<br \/>\u00d6sterreich<\/p><p class=\"adsimple-221094634\"><strong>Unternehmensgegenstand:<\/strong> Barber &amp; Friseursalon<br \/><strong>UID-Nummer:<\/strong> ATU73525857<br \/><strong>Firmenbuchnummer:<\/strong> FN490164<br \/><strong>Firmenbuchgericht:<\/strong> Landesgericht Eisenstadt<br \/><strong>Firmensitz:<\/strong> 7132 Frauenkirchen<\/p><p class=\"adsimple-221094634\"><strong>Tel.: <\/strong>+43 664 75115766<br \/><strong>E-Mail:<\/strong> <a href=\"mailto:info@mk-barber-friseursalon.at\">info@mk-barber-friseursalon.at<\/a><\/p><p class=\"adsimple-221094634\"><strong>Berufsrecht:<\/strong> Gewerbeordnung: www.ris.bka.gv.at<\/p><p class=\"adsimple-221094634\"><strong>Aufsichtsbeh\u00f6rde\/Gewerbebeh\u00f6rde:<\/strong> Bezirkshauptmannschaft Musterhausen<br \/><strong>Berufsbezeichnung:<\/strong> Friseur<br \/><strong>Verleihungsstaat:<\/strong> \u00d6sterreich<\/p><p>Quelle: Erstellt\u00a0mit dem <a title=\"Impressum Generator von firmenwebseiten.at\" href=\"https:\/\/www.firmenwebseiten.at\/impressum-generator\/\" target=\"_blank\" rel=\"follow noopener noreferrer\">Impressum Generator von firmenwebseiten.at<\/a>\u00a0in Kooperation mit <a title=\"\" href=\"https:\/\/www.stylingbeauty.de\/\" target=\"_blank\" rel=\"follow noopener noreferrer\">stylingbeauty.de<\/a><\/p><h2 class=\"adsimple-221094634\">EU-Streitschlichtung<\/h2><p>Gem\u00e4\u00df Verordnung \u00fcber Online-Streitbeilegung in Verbraucherangelegenheiten (ODR-Verordnung) m\u00f6chten wir Sie \u00fcber die Online-Streitbeilegungsplattform (OS-Plattform) informieren.<br \/>Verbraucher haben die M\u00f6glichkeit, Beschwerden an die Online Streitbeilegungsplattform der Europ\u00e4ischen Kommission unter <a class=\"adsimple-221094634\" href=\"https:\/\/ec.europa.eu\/consumers\/odr\/main\/index.cfm?event=main.home2.show&amp;lng=DE\" target=\"_blank\" rel=\"nofollow noopener noreferrer\">http:\/\/ec.europa.eu\/odr?tid=221094634<\/a> zu richten. Die daf\u00fcr notwendigen Kontaktdaten finden Sie oberhalb in unserem Impressum.<\/p><p>Wir m\u00f6chten Sie jedoch darauf hinweisen, dass wir nicht bereit oder verpflichtet sind, an Streitbeilegungsverfahren vor einer Verbraucherschlichtungsstelle teilzunehmen.<\/p><h2 class=\"adsimple-221094634\">Haftung f\u00fcr Inhalte dieser Webseite<\/h2><p>Wir entwickeln die Inhalte dieser Webseite st\u00e4ndig weiter und bem\u00fchen uns korrekte und aktuelle Informationen bereitzustellen. Leider k\u00f6nnen wir keine Haftung f\u00fcr die Korrektheit aller Inhalte auf dieser Webseite \u00fcbernehmen, speziell f\u00fcr jene die seitens Dritter bereitgestellt wurden.<\/p><p>Sollten Ihnen problematische oder rechtswidrige Inhalte auffallen, bitten wir Sie uns umgehend zu kontaktieren, Sie finden die Kontaktdaten im Impressum.<\/p><h2 class=\"adsimple-221094634\">Haftung f\u00fcr Links auf dieser Webseite<\/h2><p>Unsere Webseite enth\u00e4lt Links zu anderen Webseiten f\u00fcr deren Inhalt wir nicht verantwortlich sind. Haftung f\u00fcr verlinkte Websites besteht laut <a class=\"adsimple-221094634\" href=\"https:\/\/www.ris.bka.gv.at\/Dokument.wxe?Abfrage=Bundesnormen&amp;Dokumentnummer=NOR40025813&amp;tid=221094634\" target=\"_blank\" rel=\"noopener nofollow noreferrer\">\u00a7 17 ECG<\/a> f\u00fcr uns nicht, da wir keine Kenntnis rechtswidriger T\u00e4tigkeiten hatten und haben, uns solche Rechtswidrigkeiten auch bisher nicht aufgefallen sind und wir Links sofort entfernen w\u00fcrden, wenn uns Rechtswidrigkeiten bekannt werden.<\/p><p>Wenn Ihnen rechtswidrige Links auf unserer Website auffallen, bitten wir Sie uns zu kontaktieren, Sie finden die Kontaktdaten im Impressum.<\/p><h2 class=\"adsimple-221094634\">Urheberrechtshinweis<\/h2><p>Alle Inhalte dieser Webseite (Bilder, Fotos, Texte, Videos) unterliegen dem Urheberrecht. Falls notwendig, werden wir die unerlaubte Nutzung von Teilen der Inhalte unserer Seite rechtlich verfolgen.<\/p><h2 class=\"adsimple-221094634\">Bildernachweis<\/h2><p>Die Bilder, Fotos und Grafiken auf dieser Webseite sind urheberrechtlich gesch\u00fctzt.<\/p><p>Die Bilderrechte liegen bei den folgenden Fotografen und Unternehmen:<\/p><ul class=\"adsimple-221094634\"><li class=\"adsimple-221094634\"><a href=\"https:\/\/stock.adobe.com\/de\/\">https:\/\/stock.adobe.com\/de\/<\/a><\/li><\/ul><p>Quelle: Erstellt\u00a0mit dem\u00a0<a title=\"Datenschutz Generator von firmenwebseiten.at\" href=\"https:\/\/www.firmenwebseiten.at\/datenschutz-generator\/\" target=\"_blank\" rel=\"follow noopener noreferrer\">Datenschutz Generator von firmenwebseiten.at<\/a>\u00a0in Kooperation mit <a title=\"\" href=\"https:\/\/www.shopblog.at\/\" target=\"_blank\" rel=\"follow noopener noreferrer\">shopblog.at<\/a><\/p>\t\t\t\t\t\t<\/div>\n\t\t\t\t<\/div>\n\t\t\t\t<div class=\"elementor-element elementor-element-2530713 elementor-widget elementor-widget-spacer\" data-id=\"2530713\" data-element_type=\"widget\" data-widget_type=\"spacer.default\">\n\t\t\t\t<div class=\"elementor-widget-container\">\n\t\t\t\t\t<div class=\"elementor-spacer\">\n\t\t\t<div class=\"elementor-spacer-inner\"><\/div>\n\t\t<\/div>\n\t\t\t\t<\/div>\n\t\t\t\t<\/div>\n\t\t\t\t\t<\/div>\n\t\t\t\t<\/div>\n\t\t\t\t<\/div>","protected":false},"excerpt":{"rendered":"<p>Impressum Informationspflicht laut \u00a75 E-Commerce Gesetz, \u00a714 Unternehmensgesetzbuch, \u00a763 Gewerbeordnung und Offenlegungspflicht laut \u00a725 Mediengesetz. MK Barber &amp; FriseursalonMehmet KamasikKirchenplatz 1A,7132 Frauenkirchen,\u00d6sterreich Unternehmensgegenstand: Barber &amp; FriseursalonUID-Nummer: ATU73525857Firmenbuchnummer: FN490164Firmenbuchgericht: Landesgericht EisenstadtFirmensitz: 7132 Frauenkirchen Tel.: +43 664 75115766E-Mail: info@mk-barber-friseursalon.at Berufsrecht: Gewerbeordnung: www.ris.bka.gv.at Aufsichtsbeh\u00f6rde\/Gewerbebeh\u00f6rde: Bezirkshauptmannschaft MusterhausenBerufsbezeichnung: FriseurVerleihungsstaat: \u00d6sterreich Quelle: Erstellt\u00a0mit dem Impressum Generator von firmenwebseiten.at\u00a0in Kooperation mit stylingbeauty.de [&hellip;]<\/p>","protected":false},"author":1,"featured_media":0,"parent":0,"menu_order":0,"comment_status":"closed","ping_status":"closed","template":"","meta":{"iawp_total_views":35,"footnotes":""},"class_list":["post-1030","page","type-page","status-publish","hentry"],"yoast_head":"<!-- This site is optimized with the Yoast SEO plugin v23.4 - https:\/\/yoast.com\/wordpress\/plugins\/seo\/ -->\n<title>Impressum - Medical Hairtransplants<\/title>\n<meta name=\"robots\" content=\"index, follow, max-snippet:-1, max-image-preview:large, max-video-preview:-1\" \/>\n<link rel=\"canonical\" href=\"https:\/\/medicalhairtransplants.at\/en\/impressum\/\" \/>\n<meta property=\"og:locale\" content=\"en_GB\" \/>\n<meta property=\"og:type\" content=\"article\" \/>\n<meta property=\"og:title\" content=\"Impressum - Medical Hairtransplants\" \/>\n<meta property=\"og:description\" content=\"Impressum Informationspflicht laut \u00a75 E-Commerce Gesetz, \u00a714 Unternehmensgesetzbuch, \u00a763 Gewerbeordnung und Offenlegungspflicht laut \u00a725 Mediengesetz. MK Barber &amp; FriseursalonMehmet KamasikKirchenplatz 1A,7132 Frauenkirchen,\u00d6sterreich Unternehmensgegenstand: Barber &amp; FriseursalonUID-Nummer: ATU73525857Firmenbuchnummer: FN490164Firmenbuchgericht: Landesgericht EisenstadtFirmensitz: 7132 Frauenkirchen Tel.: +43 664 75115766E-Mail: info@mk-barber-friseursalon.at Berufsrecht: Gewerbeordnung: www.ris.bka.gv.at Aufsichtsbeh\u00f6rde\/Gewerbebeh\u00f6rde: Bezirkshauptmannschaft MusterhausenBerufsbezeichnung: FriseurVerleihungsstaat: \u00d6sterreich Quelle: Erstellt\u00a0mit dem Impressum Generator von firmenwebseiten.at\u00a0in Kooperation mit stylingbeauty.de [&hellip;]\" \/>\n<meta property=\"og:url\" content=\"https:\/\/medicalhairtransplants.at\/en\/impressum\/\" \/>\n<meta property=\"og:site_name\" content=\"Medical Hairtransplants\" \/>\n<meta property=\"article:modified_time\" content=\"2024-06-21T15:06:58+00:00\" \/>\n<meta name=\"twitter:card\" content=\"summary_large_image\" \/>\n<meta name=\"twitter:label1\" content=\"Estimated reading time\" \/>\n\t<meta name=\"twitter:data1\" content=\"2 minutes\" \/>\n<script type=\"application\/ld+json\" class=\"yoast-schema-graph\">{\"@context\":\"https:\/\/schema.org\",\"@graph\":[{\"@type\":\"WebPage\",\"@id\":\"https:\/\/medicalhairtransplants.at\/impressum\/\",\"url\":\"https:\/\/medicalhairtransplants.at\/impressum\/\",\"name\":\"Impressum - Medical Hairtransplants\",\"isPartOf\":{\"@id\":\"https:\/\/medicalhairtransplants.at\/#website\"},\"datePublished\":\"2024-06-18T11:07:08+00:00\",\"dateModified\":\"2024-06-21T15:06:58+00:00\",\"breadcrumb\":{\"@id\":\"https:\/\/medicalhairtransplants.at\/impressum\/#breadcrumb\"},\"inLanguage\":\"en-GB\",\"potentialAction\":[{\"@type\":\"ReadAction\",\"target\":[\"https:\/\/medicalhairtransplants.at\/impressum\/\"]}]},{\"@type\":\"BreadcrumbList\",\"@id\":\"https:\/\/medicalhairtransplants.at\/impressum\/#breadcrumb\",\"itemListElement\":[{\"@type\":\"ListItem\",\"position\":1,\"name\":\"Startseite\",\"item\":\"https:\/\/medicalhairtransplants.at\/\"},{\"@type\":\"ListItem\",\"position\":2,\"name\":\"Impressum\"}]},{\"@type\":\"WebSite\",\"@id\":\"https:\/\/medicalhairtransplants.at\/#website\",\"url\":\"https:\/\/medicalhairtransplants.at\/\",\"name\":\"Premium Haartransplantationen in \u00d6sterreich \u2013 Medical Hairtransplants\",\"description\":\"Premium Haartransplantationen in \u00d6sterreich\",\"publisher\":{\"@id\":\"https:\/\/medicalhairtransplants.at\/#organization\"},\"potentialAction\":[{\"@type\":\"SearchAction\",\"target\":{\"@type\":\"EntryPoint\",\"urlTemplate\":\"https:\/\/medicalhairtransplants.at\/?s={search_term_string}\"},\"query-input\":{\"@type\":\"PropertyValueSpecification\",\"valueRequired\":true,\"valueName\":\"search_term_string\"}}],\"inLanguage\":\"en-GB\"},{\"@type\":\"Organization\",\"@id\":\"https:\/\/medicalhairtransplants.at\/#organization\",\"name\":\"Medical Hairtransplants\",\"url\":\"https:\/\/medicalhairtransplants.at\/\",\"logo\":{\"@type\":\"ImageObject\",\"inLanguage\":\"en-GB\",\"@id\":\"https:\/\/medicalhairtransplants.at\/#\/schema\/logo\/image\/\",\"url\":\"https:\/\/medicalhairtransplants.at\/wp-content\/uploads\/2024\/02\/MEDICAL-e1712060247672.png\",\"contentUrl\":\"https:\/\/medicalhairtransplants.at\/wp-content\/uploads\/2024\/02\/MEDICAL-e1712060247672.png\",\"width\":1771,\"height\":474,\"caption\":\"Medical Hairtransplants\"},\"image\":{\"@id\":\"https:\/\/medicalhairtransplants.at\/#\/schema\/logo\/image\/\"}}]}<\/script>\n<!-- \/ Yoast SEO plugin. -->","yoast_head_json":{"title":"Impressum - Medical Hairtransplants","robots":{"index":"index","follow":"follow","max-snippet":"max-snippet:-1","max-image-preview":"max-image-preview:large","max-video-preview":"max-video-preview:-1"},"canonical":"https:\/\/medicalhairtransplants.at\/en\/impressum\/","og_locale":"en_GB","og_type":"article","og_title":"Impressum - Medical Hairtransplants","og_description":"Impressum Informationspflicht laut \u00a75 E-Commerce Gesetz, \u00a714 Unternehmensgesetzbuch, \u00a763 Gewerbeordnung und Offenlegungspflicht laut \u00a725 Mediengesetz. MK Barber &amp; FriseursalonMehmet KamasikKirchenplatz 1A,7132 Frauenkirchen,\u00d6sterreich Unternehmensgegenstand: Barber &amp; FriseursalonUID-Nummer: ATU73525857Firmenbuchnummer: FN490164Firmenbuchgericht: Landesgericht EisenstadtFirmensitz: 7132 Frauenkirchen Tel.: +43 664 75115766E-Mail: info@mk-barber-friseursalon.at Berufsrecht: Gewerbeordnung: www.ris.bka.gv.at Aufsichtsbeh\u00f6rde\/Gewerbebeh\u00f6rde: Bezirkshauptmannschaft MusterhausenBerufsbezeichnung: FriseurVerleihungsstaat: \u00d6sterreich Quelle: Erstellt\u00a0mit dem Impressum Generator von firmenwebseiten.at\u00a0in Kooperation mit stylingbeauty.de [&hellip;]","og_url":"https:\/\/medicalhairtransplants.at\/en\/impressum\/","og_site_name":"Medical Hairtransplants","article_modified_time":"2024-06-21T15:06:58+00:00","twitter_card":"summary_large_image","twitter_misc":{"Estimated reading time":"2 minutes"},"schema":{"@context":"https:\/\/schema.org","@graph":[{"@type":"WebPage","@id":"https:\/\/medicalhairtransplants.at\/impressum\/","url":"https:\/\/medicalhairtransplants.at\/impressum\/","name":"Impressum - Medical Hairtransplants","isPartOf":{"@id":"https:\/\/medicalhairtransplants.at\/#website"},"datePublished":"2024-06-18T11:07:08+00:00","dateModified":"2024-06-21T15:06:58+00:00","breadcrumb":{"@id":"https:\/\/medicalhairtransplants.at\/impressum\/#breadcrumb"},"inLanguage":"en-GB","potentialAction":[{"@type":"ReadAction","target":["https:\/\/medicalhairtransplants.at\/impressum\/"]}]},{"@type":"BreadcrumbList","@id":"https:\/\/medicalhairtransplants.at\/impressum\/#breadcrumb","itemListElement":[{"@type":"ListItem","position":1,"name":"Startseite","item":"https:\/\/medicalhairtransplants.at\/"},{"@type":"ListItem","position":2,"name":"Impressum"}]},{"@type":"WebSite","@id":"https:\/\/medicalhairtransplants.at\/#website","url":"https:\/\/medicalhairtransplants.at\/","name":"Premium Haartransplantationen in \u00d6sterreich \u2013 Medical Hairtransplants","description":"Premium Haartransplantationen in \u00d6sterreich","publisher":{"@id":"https:\/\/medicalhairtransplants.at\/#organization"},"potentialAction":[{"@type":"SearchAction","target":{"@type":"EntryPoint","urlTemplate":"https:\/\/medicalhairtransplants.at\/?s={search_term_string}"},"query-input":{"@type":"PropertyValueSpecification","valueRequired":true,"valueName":"search_term_string"}}],"inLanguage":"en-GB"},{"@type":"Organization","@id":"https:\/\/medicalhairtransplants.at\/#organization","name":"Medical Hairtransplants","url":"https:\/\/medicalhairtransplants.at\/","logo":{"@type":"ImageObject","inLanguage":"en-GB","@id":"https:\/\/medicalhairtransplants.at\/#\/schema\/logo\/image\/","url":"https:\/\/medicalhairtransplants.at\/wp-content\/uploads\/2024\/02\/MEDICAL-e1712060247672.png","contentUrl":"https:\/\/medicalhairtransplants.at\/wp-content\/uploads\/2024\/02\/MEDICAL-e1712060247672.png","width":1771,"height":474,"caption":"Medical Hairtransplants"},"image":{"@id":"https:\/\/medicalhairtransplants.at\/#\/schema\/logo\/image\/"}}]}},"_links":{"self":[{"href":"https:\/\/medicalhairtransplants.at\/en\/wp-json\/wp\/v2\/pages\/1030"}],"collection":[{"href":"https:\/\/medicalhairtransplants.at\/en\/wp-json\/wp\/v2\/pages"}],"about":[{"href":"https:\/\/medicalhairtransplants.at\/en\/wp-json\/wp\/v2\/types\/page"}],"author":[{"embeddable":true,"href":"https:\/\/medicalhairtransplants.at\/en\/wp-json\/wp\/v2\/users\/1"}],"replies":[{"embeddable":true,"href":"https:\/\/medicalhairtransplants.at\/en\/wp-json\/wp\/v2\/comments?post=1030"}],"version-history":[{"count":6,"href":"https:\/\/medicalhairtransplants.at\/en\/wp-json\/wp\/v2\/pages\/1030\/revisions"}],"predecessor-version":[{"id":1098,"href":"https:\/\/medicalhairtransplants.at\/en\/wp-json\/wp\/v2\/pages\/1030\/revisions\/1098"}],"wp:attachment":[{"href":"https:\/\/medicalhairtransplants.at\/en\/wp-json\/wp\/v2\/media?parent=1030"}],"curies":[{"name":"wp","href":"https:\/\/api.w.org\/{rel}","templated":true}]}}